{"id":2661,"date":"2025-12-06T10:00:33","date_gmt":"2025-12-06T14:00:33","guid":{"rendered":"https:\/\/lasauvageonne.ca\/produit\/dahlia-sebastian\/"},"modified":"2025-12-06T10:00:33","modified_gmt":"2025-12-06T14:00:33","slug":"dahlia-sebastian","status":"publish","type":"product","link":"https:\/\/lasauvageonne.ca\/en\/produit\/dahlia-sebastian\/","title":{"rendered":"Dahlia &#8216;Sebastian&#8217;"},"content":{"rendered":"<p><em>Dahlia \u2018Sebastian&#8217;<\/em><\/p>\n<p><em>*Les tubercules sont vendus \u00e0 l&#8217;unit\u00e9. Le prix est pour 1 tubercule poss\u00e9dant au moins 1 \u0153il. Les tubercules sont disponibles jusqu&#8217;\u00e0 \u00e9puisement des stocks. Vous pouvez vous fier aux quantit\u00e9s disponibles sur le site.<\/em><\/p>\n<p><strong>EXP\u00c9DITION<\/strong><\/p>\n<p><i>Un e-mail de confirmation sera envoy\u00e9 une fois que votre commande sera pr\u00eate \u00e0 \u00eatre envoy\u00e9e pour l&#8217;exp\u00e9dition ou une fois qu&#8217;elle sera pr\u00eate \u00e0 \u00eatre r\u00e9cup\u00e9r\u00e9e directement \u00e0 l&#8217;\u00c9picerie Rurale de La Suisse Normande, selon l&#8217;option que vous aurez choisie lors du paiement. Veuillez noter que le traitement de vos commandes peut prendre jusqu&#8217;\u00e0 1 semaine en raison du temps de pr\u00e9paration allou\u00e9 \u00e0 chaque commande.\u00a0\u00a0<\/i><\/p>\n<p>**Les tubercules seront disponibles \u00e0 l&#8217;exp\u00e9dition seulement lorsque la temp\u00e9rature ne descend pas en dessous du point de cong\u00e9lation afin d&#8217;\u00e9viter que les tubercules ne g\u00e8lent.**<\/p>\n<p><em><strong>*En raison des exigences de croissance uniques des bulbes, La Sauvageonne ne se tient pas responsable en cas de r\u00e9sultats de croissance infructueux.<\/strong><\/em><\/p>\n<p><strong>NOTES DE PLANTATION<\/strong><\/p>\n<p>Saison de plantation : En raison de nos hivers froids, les tubercules de Dahlias doivent \u00eatre plant\u00e9s au d\u00e9but du printemps au Qu\u00e9bec. Vous pouvez r\u00e9cup\u00e9rer vos tubercules \u00e0 l&#8217;automne afin de les utiliser d&#8217;une ann\u00e9e \u00e0 l&#8217;autre en suivant notre guide de plantation.<\/p>\n<p>Plantation : La plantation s\u2019effectue lorsque les risques de gels sont termin\u00e9s. Les tubercules ne tol\u00e8rent pas le gel, il faut donc les entreposer \u00e0 l&#8217;int\u00e9rieur pendant l&#8217;hiver. Les Dahlias sont des plantes qui aiment la chaleur, il est donc tr\u00e8s important de veiller \u00e0 les installer dans un endroit ensoleill\u00e9 et \u00e9viter de trop les arroser, il est recommand\u00e9 de vous r\u00e9f\u00e9rer \u00e0 la fiche d&#8217;instructions qui sera incluse dans votre commande.* ou consultez notre page de blogue\u00a0\u00a0<a href=\"http:\/\/lasauvageonne.ca\/cultiver-les-dahlias\/\" target=\"_blank\" rel=\"null noopener\" data-saferedirecturl=\"https:\/\/www.google.com\/url?q=https:\/\/www.lilystonegardens.com\/helpful-resources&amp;source=gmail&amp;ust=1599746475027000&amp;usg=AFQjCNFxWEbgYX9qi9PhppDjuHQYHcwx5w\" aria-describedby=\"a11y-new-window-external-message\">ici<\/a>\u00a0!<\/p>\n<p><strong>DESCRIPTION<\/strong><\/p>\n<p>Les fleurs rose-p\u00eache-lavande de cette superbe vari\u00e9t\u00e9 fleurissent abondamment tout au long de la saison. Leurs tiges hautes et solides en font une excellente fleur coup\u00e9e.<\/p>\n<section class=\"pdp-details-section description-content--details\"><strong>D\u00c9TAILS<\/strong><\/section>\n<section><\/section>\n<section class=\"pdp-details-section description-content--details\">\n<div>Cultivar: Dahlia &#8216;Sebastian&#8217;<\/div>\n<div class=\"pdp-details-section-inner\">Forme : D\u00e9coratif Formel<br \/>Diam\u00e8tre des fleurs : 3po<br \/>Emplacement : plein soleil<br \/>Jours jusqu&#8217;\u00e0 maturit\u00e9 : 80 \u00e0 100 jours<\/div>\n<div class=\"pdp-details-section-inner\">Hauteur du plant: jusqu&#8217;\u00e0 4 pieds (1m20)<br \/>Espacement des plantes : 12 \u00e0 18 po<br \/>Quand tailler (pincement) : lorsque 12 po de hauteur<\/div>\n<div>Dur\u00e9e de vie en vase (une fois coup\u00e9e): jusqu&#8217;\u00e0 5 jours<\/div>\n<div>\u00a0<\/div>\n<\/section>\n<section class=\"pdp-details-section description-content--harvesting\"><strong>R\u00c9COLTE<\/strong><\/section>\n<section class=\"pdp-details-section description-content--harvesting\">\n<div>\u00a0<\/div>\n<div class=\"pdp-details-section-inner\">Les dahlias ne se d\u00e9ploient pas beaucoup une fois r\u00e9colt\u00e9s, il est donc important de ne pas les cueillir trop t\u00f4t. R\u00e9coltez lorsque les fleurs sont ouvertes aux trois quarts, mais pas trop m\u00fbres. Attendez-vous \u00e0 une dur\u00e9e de vie en vase de 5 jours.<\/div>\n<\/section>\n","protected":false},"excerpt":{"rendered":"<article class=\"text-token-text-primary w-full focus:outline-none [--shadow-height:45px] has-data-writing-block:pointer-events-none has-data-writing-block:-mt-(--shadow-height) has-data-writing-block:pt-(--shadow-height) [&amp;:has([data-writing-block])&gt;*]:pointer-events-auto scroll-mt-(--header-height)\" dir=\"auto\" tabindex=\"-1\" data-turn-id=\"fbfdc319-7c3a-499a-9086-921478867561\" data-testid=\"conversation-turn-115\" data-scroll-anchor=\"false\" data-turn=\"user\"><\/article>\n<article class=\"text-token-text-primary w-full focus:outline-none [--shadow-height:45px] has-data-writing-block:pointer-events-none has-data-writing-block:-mt-(--shadow-height) has-data-writing-block:pt-(--shadow-height) [&amp;:has([data-writing-block])&gt;*]:pointer-events-auto scroll-mt-[calc(var(--header-height)+min(200px,max(70px,20svh)))]\" dir=\"auto\" tabindex=\"-1\" data-turn-id=\"request-69b1c1f3-1014-8331-a008-4d7af824c18b-9\" data-testid=\"conversation-turn-116\" data-scroll-anchor=\"true\" data-turn=\"assistant\">\n<div class=\"text-base my-auto mx-auto pb-10 [--thread-content-margin:var(--thread-content-margin-xs,calc(var(--spacing)*4))] @w-sm\/main:[--thread-content-margin:var(--thread-content-margin-sm,calc(var(--spacing)*6))] @w-lg\/main:[--thread-content-margin:var(--thread-content-margin-lg,calc(var(--spacing)*16))] px-(--thread-content-margin)\">\n<div class=\"[--thread-content-max-width:40rem] @w-lg\/main:[--thread-content-max-width:48rem] mx-auto max-w-(--thread-content-max-width) flex-1 group\/turn-messages focus-visible:outline-hidden relative flex w-full min-w-0 flex-col agent-turn\" tabindex=\"-1\">\n<div class=\"flex max-w-full flex-col gap-4 grow\">\n<div class=\"min-h-8 text-message relative flex w-full flex-col items-end gap-2 text-start break-words whitespace-normal [.text-message+&amp;]:mt-1\" dir=\"auto\" data-message-author-role=\"assistant\" data-message-id=\"5e2ae77f-2b37-47f8-bc12-2edcd585c0fa\" data-message-model-slug=\"gpt-5-mini\">\n<div class=\"flex w-full flex-col gap-1 empty:hidden\">\n<div class=\"markdown prose dark:prose-invert w-full wrap-break-word light markdown-new-styling\">\n<p data-start=\"0\" data-end=\"18\">Dahlia &#8216;Sebastian&#8217;<\/p>\n<p data-start=\"20\" data-end=\"134\" data-is-last-node=\"\" data-is-only-node=\"\">This beautiful Dahlia produces flowers with a diameter of up to 3 in. Peach-lavender blooms on long, sturdy stems.<\/p>\n<\/div>\n<\/div>\n<\/div>\n<\/div>\n<\/div>\n<\/div>\n<\/article>\n","protected":false},"featured_media":2662,"comment_status":"open","ping_status":"closed","template":"","meta":{"_et_pb_use_builder":"","_et_pb_old_content":"","_et_gb_content_width":""},"product_brand":[],"product_cat":[71],"product_tag":[],"class_list":{"0":"post-2661","1":"product","2":"type-product","3":"status-publish","4":"has-post-thumbnail","6":"product_cat-non-categorise","8":"first","9":"outofstock","10":"taxable","11":"shipping-taxable","12":"purchasable","13":"product-type-simple"},"aioseo_notices":[],"jetpack_sharing_enabled":true,"_links":{"self":[{"href":"https:\/\/lasauvageonne.ca\/en\/wp-json\/wp\/v2\/product\/2661","targetHints":{"allow":["GET"]}}],"collection":[{"href":"https:\/\/lasauvageonne.ca\/en\/wp-json\/wp\/v2\/product"}],"about":[{"href":"https:\/\/lasauvageonne.ca\/en\/wp-json\/wp\/v2\/types\/product"}],"replies":[{"embeddable":true,"href":"https:\/\/lasauvageonne.ca\/en\/wp-json\/wp\/v2\/comments?post=2661"}],"wp:featuredmedia":[{"embeddable":true,"href":"https:\/\/lasauvageonne.ca\/en\/wp-json\/wp\/v2\/media\/2662"}],"wp:attachment":[{"href":"https:\/\/lasauvageonne.ca\/en\/wp-json\/wp\/v2\/media?parent=2661"}],"wp:term":[{"taxonomy":"product_brand","embeddable":true,"href":"https:\/\/lasauvageonne.ca\/en\/wp-json\/wp\/v2\/product_brand?post=2661"},{"taxonomy":"product_cat","embeddable":true,"href":"https:\/\/lasauvageonne.ca\/en\/wp-json\/wp\/v2\/product_cat?post=2661"},{"taxonomy":"product_tag","embeddable":true,"href":"https:\/\/lasauvageonne.ca\/en\/wp-json\/wp\/v2\/product_tag?post=2661"}],"curies":[{"name":"wp","href":"https:\/\/api.w.org\/{rel}","templated":true}]}}